{"id":7,"date":"2020-01-13T11:08:58","date_gmt":"2020-01-13T11:08:58","guid":{"rendered":"https:\/\/demosites.io\/web-agency\/?page_id=5"},"modified":"2020-10-22T18:51:49","modified_gmt":"2020-10-22T18:51:49","slug":"300f0-web-agency-home","status":"publish","type":"page","link":"https:\/\/www.pits-alpakahof.de\/","title":{"rendered":"Home"},"content":{"rendered":"\t\t<div data-elementor-type=\"wp-page\" data-elementor-id=\"7\" class=\"elementor elementor-7\">\n\t\t\t\t\t\t<section class=\"has_eae_slider elementor-section elementor-top-section elementor-element elementor-element-7e0ad35 elementor-section-full_width elementor-section-height-default elementor-section-height-default\" data-eae-slider=\"86886\" data-id=\"7e0ad35\" data-element_type=\"section\" data-e-type=\"section\">\n\t\t\t\t\t\t<div class=\"elementor-container elementor-column-gap-default\">\n\t\t\t\t\t<div class=\"has_eae_slider elementor-column elementor-col-33 elementor-top-column elementor-element elementor-element-d8226f3\" data-eae-slider=\"64671\" data-id=\"d8226f3\" data-element_type=\"column\" data-e-type=\"column\">\n\t\t\t<div class=\"elementor-widget-wrap elementor-element-populated\">\n\t\t\t\t\t\t<div class=\"elementor-element elementor-element-7a2fd5e elementor-widget elementor-widget-image\" data-id=\"7a2fd5e\" data-element_type=\"widget\" data-e-type=\"widget\" data-widget_type=\"image.default\">\n\t\t\t\t<div class=\"elementor-widget-container\">\n\t\t\t\t\t\t\t\t\t\t\t\t\t\t\t<img fetchpriority=\"high\" decoding=\"async\" width=\"768\" height=\"1024\" src=\"https:\/\/www.pits-alpakahof.de\/wp-content\/uploads\/2020\/09\/P8235069-768x1024.jpg\" class=\"attachment-large size-large wp-image-496\" alt=\"\" srcset=\"https:\/\/www.pits-alpakahof.de\/wp-content\/uploads\/2020\/09\/P8235069-768x1024.jpg 768w, https:\/\/www.pits-alpakahof.de\/wp-content\/uploads\/2020\/09\/P8235069-225x300.jpg 225w, https:\/\/www.pits-alpakahof.de\/wp-content\/uploads\/2020\/09\/P8235069-1152x1536.jpg 1152w, https:\/\/www.pits-alpakahof.de\/wp-content\/uploads\/2020\/09\/P8235069-1536x2048.jpg 1536w, https:\/\/www.pits-alpakahof.de\/wp-content\/uploads\/2020\/09\/P8235069-scaled.jpg 1920w\" sizes=\"(max-width: 768px) 100vw, 768px\" \/>\t\t\t\t\t\t\t\t\t\t\t\t\t\t\t<\/div>\n\t\t\t\t<\/div>\n\t\t\t\t\t<\/div>\n\t\t<\/div>\n\t\t\t\t<div class=\"has_eae_slider elementor-column elementor-col-33 elementor-top-column elementor-element elementor-element-93529e5\" data-eae-slider=\"4789\" data-id=\"93529e5\" data-element_type=\"column\" data-e-type=\"column\">\n\t\t\t<div class=\"elementor-widget-wrap elementor-element-populated\">\n\t\t\t\t\t\t<div class=\"elementor-element elementor-element-34de459 elementor-widget elementor-widget-heading\" data-id=\"34de459\" data-element_type=\"widget\" data-e-type=\"widget\" data-widget_type=\"heading.default\">\n\t\t\t\t<div class=\"elementor-widget-container\">\n\t\t\t\t\t<h1 class=\"elementor-heading-title elementor-size-default\">Willkommen auf \nPit\u00b4s Alpakahof\nim Unterallg\u00e4u<\/h1>\t\t\t\t<\/div>\n\t\t\t\t<\/div>\n\t\t\t\t<div class=\"elementor-element elementor-element-aa41038 elementor-widget elementor-widget-text-editor\" data-id=\"aa41038\" data-element_type=\"widget\" data-e-type=\"widget\" data-widget_type=\"text-editor.default\">\n\t\t\t\t<div class=\"elementor-widget-container\">\n\t\t\t\t\t\t\t\t\t<p>Auf dieser Seite stellen wir unsere <a href=\"https:\/\/www.pits-alpakahof.de\/index.php\/unsere-stuten\/\">Alpakastuten<\/a> und <a href=\"https:\/\/www.pits-alpakahof.de\/index.php\/unsere-hengste\/\">Alpakahengste<\/a> und auch uns selbst ein wenig vor.<\/p><p>Wie Sie sehen werden, ist bei unserer kleinen <a href=\"https:\/\/www.pits-alpakahof.de\/index.php\/unsere-tiere\/\">Alpakaherde<\/a> <br \/>Farbenvielfalt geboten &#8211; von wei\u00df bis schwarz, v.a. aber verschiedene Braunt\u00f6ne.<\/p><p>Au\u00dferdem haben wir ein paar grundlegende <a href=\"https:\/\/www.pits-alpakahof.de\/index.php\/ueber-alpakas\/\">Informationen \u00fcber Alpakas<\/a> zusammengestellt, die f\u00fcr Neueinsteiger vielleicht interessant sind.<\/p><h3>Wir w\u00fcnschen Ihnen viel Freude mit unserer Internetseite.<\/h3>\t\t\t\t\t\t\t\t<\/div>\n\t\t\t\t<\/div>\n\t\t\t\t\t<\/div>\n\t\t<\/div>\n\t\t\t\t<div class=\"has_eae_slider elementor-column elementor-col-33 elementor-top-column elementor-element elementor-element-dde2f6d\" data-eae-slider=\"88690\" data-id=\"dde2f6d\" data-element_type=\"column\" data-e-type=\"column\">\n\t\t\t<div class=\"elementor-widget-wrap elementor-element-populated\">\n\t\t\t\t\t\t<div class=\"elementor-element elementor-element-22b8edb elementor-widget elementor-widget-image\" data-id=\"22b8edb\" data-element_type=\"widget\" data-e-type=\"widget\" data-widget_type=\"image.default\">\n\t\t\t\t<div class=\"elementor-widget-container\">\n\t\t\t\t\t\t\t\t\t\t\t\t\t\t\t<img decoding=\"async\" width=\"768\" height=\"1024\" src=\"https:\/\/www.pits-alpakahof.de\/wp-content\/uploads\/2020\/09\/P8235115-768x1024.jpg\" class=\"attachment-large size-large wp-image-497\" alt=\"\" srcset=\"https:\/\/www.pits-alpakahof.de\/wp-content\/uploads\/2020\/09\/P8235115-768x1024.jpg 768w, https:\/\/www.pits-alpakahof.de\/wp-content\/uploads\/2020\/09\/P8235115-225x300.jpg 225w, https:\/\/www.pits-alpakahof.de\/wp-content\/uploads\/2020\/09\/P8235115-1152x1536.jpg 1152w, https:\/\/www.pits-alpakahof.de\/wp-content\/uploads\/2020\/09\/P8235115-1536x2048.jpg 1536w, https:\/\/www.pits-alpakahof.de\/wp-content\/uploads\/2020\/09\/P8235115-scaled.jpg 1920w\" sizes=\"(max-width: 768px) 100vw, 768px\" \/>\t\t\t\t\t\t\t\t\t\t\t\t\t\t\t<\/div>\n\t\t\t\t<\/div>\n\t\t\t\t\t<\/div>\n\t\t<\/div>\n\t\t\t\t\t<\/div>\n\t\t<\/section>\n\t\t\t\t<section class=\"has_eae_slider elementor-section elementor-top-section elementor-element elementor-element-d1eea1b elementor-section-boxed elementor-section-height-default elementor-section-height-default\" data-eae-slider=\"22228\" data-id=\"d1eea1b\" data-element_type=\"section\" data-e-type=\"section\">\n\t\t\t\t\t\t<div class=\"elementor-container elementor-column-gap-default\">\n\t\t\t\t\t<div class=\"has_eae_slider elementor-column elementor-col-100 elementor-top-column elementor-element elementor-element-a702daa\" data-eae-slider=\"5006\" data-id=\"a702daa\" data-element_type=\"column\" data-e-type=\"column\">\n\t\t\t<div class=\"elementor-widget-wrap elementor-element-populated\">\n\t\t\t\t\t\t<div class=\"elementor-element elementor-element-63fbfbc elementor-widget elementor-widget-image\" data-id=\"63fbfbc\" data-element_type=\"widget\" data-e-type=\"widget\" data-widget_type=\"image.default\">\n\t\t\t\t<div class=\"elementor-widget-container\">\n\t\t\t\t\t\t\t\t\t\t\t\t\t\t\t<img decoding=\"async\" width=\"768\" height=\"576\" src=\"https:\/\/www.pits-alpakahof.de\/wp-content\/uploads\/2020\/09\/P9046084-768x576.jpg\" class=\"attachment-medium_large size-medium_large wp-image-499\" alt=\"\" srcset=\"https:\/\/www.pits-alpakahof.de\/wp-content\/uploads\/2020\/09\/P9046084-768x576.jpg 768w, https:\/\/www.pits-alpakahof.de\/wp-content\/uploads\/2020\/09\/P9046084-300x225.jpg 300w, https:\/\/www.pits-alpakahof.de\/wp-content\/uploads\/2020\/09\/P9046084-1024x768.jpg 1024w, https:\/\/www.pits-alpakahof.de\/wp-content\/uploads\/2020\/09\/P9046084-1536x1152.jpg 1536w, https:\/\/www.pits-alpakahof.de\/wp-content\/uploads\/2020\/09\/P9046084-2048x1536.jpg 2048w\" sizes=\"(max-width: 768px) 100vw, 768px\" \/>\t\t\t\t\t\t\t\t\t\t\t\t\t\t\t<\/div>\n\t\t\t\t<\/div>\n\t\t\t\t\t<\/div>\n\t\t<\/div>\n\t\t\t\t\t<\/div>\n\t\t<\/section>\n\t\t\t\t<section class=\"has_eae_slider elementor-section elementor-top-section elementor-element elementor-element-39ee94b elementor-section-boxed elementor-section-height-default elementor-section-height-default\" data-eae-slider=\"81782\" data-id=\"39ee94b\" data-element_type=\"section\" data-e-type=\"section\" data-settings=\"{&quot;background_background&quot;:&quot;classic&quot;}\">\n\t\t\t\t\t\t<div class=\"elementor-container elementor-column-gap-default\">\n\t\t\t\t\t<div class=\"has_eae_slider elementor-column elementor-col-100 elementor-top-column elementor-element elementor-element-95e995f\" data-eae-slider=\"77898\" data-id=\"95e995f\" data-element_type=\"column\" data-e-type=\"column\">\n\t\t\t<div class=\"elementor-widget-wrap elementor-element-populated\">\n\t\t\t\t\t\t<div class=\"elementor-element elementor-element-0a1575b elementor-widget elementor-widget-heading\" data-id=\"0a1575b\" data-element_type=\"widget\" data-e-type=\"widget\" data-widget_type=\"heading.default\">\n\t\t\t\t<div class=\"elementor-widget-container\">\n\t\t\t\t\t<h2 class=\"elementor-heading-title elementor-size-default\">Interessante Fakten \u00fcber Alpakas<\/h2>\t\t\t\t<\/div>\n\t\t\t\t<\/div>\n\t\t\t\t<div class=\"elementor-element elementor-element-6d3ab90 elementor-arrows-position-outside elementor-pagination-position-outside elementor-widget elementor-widget-image-carousel\" data-id=\"6d3ab90\" data-element_type=\"widget\" data-e-type=\"widget\" data-settings=\"{&quot;slides_to_show&quot;:&quot;3&quot;,&quot;navigation&quot;:&quot;both&quot;,&quot;autoplay&quot;:&quot;yes&quot;,&quot;pause_on_hover&quot;:&quot;yes&quot;,&quot;pause_on_interaction&quot;:&quot;yes&quot;,&quot;autoplay_speed&quot;:5000,&quot;infinite&quot;:&quot;yes&quot;,&quot;speed&quot;:500}\" data-widget_type=\"image-carousel.default\">\n\t\t\t\t<div class=\"elementor-widget-container\">\n\t\t\t\t\t\t\t<div class=\"elementor-image-carousel-wrapper swiper\" role=\"region\" aria-roledescription=\"carousel\" aria-label=\"Bild Karussell\" dir=\"ltr\">\n\t\t\t<div class=\"elementor-image-carousel swiper-wrapper\" aria-live=\"off\">\n\t\t\t\t\t\t\t\t<div class=\"swiper-slide\" role=\"group\" aria-roledescription=\"slide\" aria-label=\"1 von 9\"><figure class=\"swiper-slide-inner\"><img decoding=\"async\" class=\"swiper-slide-image\" src=\"https:\/\/www.pits-alpakahof.de\/wp-content\/uploads\/2020\/09\/farben.jpg\" alt=\"farben\" \/><\/figure><\/div><div class=\"swiper-slide\" role=\"group\" aria-roledescription=\"slide\" aria-label=\"2 von 9\"><figure class=\"swiper-slide-inner\"><img decoding=\"async\" class=\"swiper-slide-image\" src=\"https:\/\/www.pits-alpakahof.de\/wp-content\/uploads\/2020\/09\/herdentiere.jpg\" alt=\"herdentiere\" \/><\/figure><\/div><div class=\"swiper-slide\" role=\"group\" aria-roledescription=\"slide\" aria-label=\"3 von 9\"><figure class=\"swiper-slide-inner\"><img decoding=\"async\" class=\"swiper-slide-image\" src=\"https:\/\/www.pits-alpakahof.de\/wp-content\/uploads\/2020\/09\/schwanger.jpg\" alt=\"schwanger\" \/><\/figure><\/div><div class=\"swiper-slide\" role=\"group\" aria-roledescription=\"slide\" aria-label=\"4 von 9\"><figure class=\"swiper-slide-inner\"><img decoding=\"async\" class=\"swiper-slide-image\" src=\"https:\/\/www.pits-alpakahof.de\/wp-content\/uploads\/2020\/09\/trittsicher.jpg\" alt=\"trittsicher\" \/><\/figure><\/div><div class=\"swiper-slide\" role=\"group\" aria-roledescription=\"slide\" aria-label=\"5 von 9\"><figure class=\"swiper-slide-inner\"><img decoding=\"async\" class=\"swiper-slide-image\" src=\"https:\/\/www.pits-alpakahof.de\/wp-content\/uploads\/2020\/09\/kameliden.jpg\" alt=\"kameliden\" \/><\/figure><\/div><div class=\"swiper-slide\" role=\"group\" aria-roledescription=\"slide\" aria-label=\"6 von 9\"><figure class=\"swiper-slide-inner\"><img decoding=\"async\" class=\"swiper-slide-image\" src=\"https:\/\/www.pits-alpakahof.de\/wp-content\/uploads\/2020\/09\/summen.jpg\" alt=\"summen\" \/><\/figure><\/div><div class=\"swiper-slide\" role=\"group\" aria-roledescription=\"slide\" aria-label=\"7 von 9\"><figure class=\"swiper-slide-inner\"><img decoding=\"async\" class=\"swiper-slide-image\" src=\"https:\/\/www.pits-alpakahof.de\/wp-content\/uploads\/2020\/09\/magen.jpg\" alt=\"magen\" \/><\/figure><\/div><div class=\"swiper-slide\" role=\"group\" aria-roledescription=\"slide\" aria-label=\"8 von 9\"><figure class=\"swiper-slide-inner\"><img decoding=\"async\" class=\"swiper-slide-image\" src=\"https:\/\/www.pits-alpakahof.de\/wp-content\/uploads\/2020\/10\/kuscheltier1.jpg\" alt=\"kuscheltier1\" \/><\/figure><\/div><div class=\"swiper-slide\" role=\"group\" aria-roledescription=\"slide\" aria-label=\"9 von 9\"><figure class=\"swiper-slide-inner\"><img decoding=\"async\" class=\"swiper-slide-image\" src=\"https:\/\/www.pits-alpakahof.de\/wp-content\/uploads\/2020\/10\/wolle.jpg\" alt=\"wolle\" \/><\/figure><\/div>\t\t\t<\/div>\n\t\t\t\t\t\t\t\t\t\t\t\t<div class=\"elementor-swiper-button elementor-swiper-button-prev\" role=\"button\" tabindex=\"0\">\n\t\t\t\t\t\t<i aria-hidden=\"true\" class=\"eicon-chevron-left\"><\/i>\t\t\t\t\t<\/div>\n\t\t\t\t\t<div class=\"elementor-swiper-button elementor-swiper-button-next\" role=\"button\" tabindex=\"0\">\n\t\t\t\t\t\t<i aria-hidden=\"true\" class=\"eicon-chevron-right\"><\/i>\t\t\t\t\t<\/div>\n\t\t\t\t\n\t\t\t\t\t\t\t\t\t<div class=\"swiper-pagination\"><\/div>\n\t\t\t\t\t\t\t\t\t<\/div>\n\t\t\t\t\t\t<\/div>\n\t\t\t\t<\/div>\n\t\t\t\t\t<\/div>\n\t\t<\/div>\n\t\t\t\t\t<\/div>\n\t\t<\/section>\n\t\t\t\t<\/div>\n\t\t","protected":false},"excerpt":{"rendered":"<p>Willkommen auf Pit\u00b4s Alpakahof im Unterallg\u00e4u Auf dieser Seite stellen wir unsere Alpakastuten und Alpakahengste und auch uns selbst ein wenig vor. Wie Sie sehen werden, ist bei unserer kleinen Alpakaherde Farbenvielfalt geboten &#8211; von wei\u00df bis schwarz, v.a. aber verschiedene Braunt\u00f6ne. Au\u00dferdem haben wir ein paar grundlegende Informationen \u00fcber Alpakas zusammengestellt, die f\u00fcr Neueinsteiger&hellip;&nbsp;<a href=\"https:\/\/www.pits-alpakahof.de\/\" rel=\"bookmark\">Weiterlesen &raquo;<span class=\"screen-reader-text\">Home<\/span><\/a><\/p>\n","protected":false},"author":2,"featured_media":0,"parent":0,"menu_order":0,"comment_status":"closed","ping_status":"closed","template":"page-templates\/template-pagebuilder-full-width.php","meta":{"neve_meta_sidebar":"full-width","neve_meta_container":"","neve_meta_enable_content_width":"on","neve_meta_content_width":100,"neve_meta_title_alignment":"","neve_meta_author_avatar":"","neve_post_elements_order":"","neve_meta_disable_header":"","neve_meta_disable_footer":"","neve_meta_disable_title":"","footnotes":""},"class_list":["post-7","page","type-page","status-publish","hentry"],"_links":{"self":[{"href":"https:\/\/www.pits-alpakahof.de\/index.php\/wp-json\/wp\/v2\/pages\/7","targetHints":{"allow":["GET"]}}],"collection":[{"href":"https:\/\/www.pits-alpakahof.de\/index.php\/wp-json\/wp\/v2\/pages"}],"about":[{"href":"https:\/\/www.pits-alpakahof.de\/index.php\/wp-json\/wp\/v2\/types\/page"}],"author":[{"embeddable":true,"href":"https:\/\/www.pits-alpakahof.de\/index.php\/wp-json\/wp\/v2\/users\/2"}],"replies":[{"embeddable":true,"href":"https:\/\/www.pits-alpakahof.de\/index.php\/wp-json\/wp\/v2\/comments?post=7"}],"version-history":[{"count":41,"href":"https:\/\/www.pits-alpakahof.de\/index.php\/wp-json\/wp\/v2\/pages\/7\/revisions"}],"predecessor-version":[{"id":616,"href":"https:\/\/www.pits-alpakahof.de\/index.php\/wp-json\/wp\/v2\/pages\/7\/revisions\/616"}],"wp:attachment":[{"href":"https:\/\/www.pits-alpakahof.de\/index.php\/wp-json\/wp\/v2\/media?parent=7"}],"curies":[{"name":"wp","href":"https:\/\/api.w.org\/{rel}","templated":true}]}}