{"id":92,"date":"2020-06-10T18:51:38","date_gmt":"2020-06-10T18:51:38","guid":{"rendered":"https:\/\/alpaka.kugelblick.com\/?page_id=92"},"modified":"2020-10-19T19:16:38","modified_gmt":"2020-10-19T19:16:38","slug":"ueber-alpakas","status":"publish","type":"page","link":"https:\/\/www.pits-alpakahof.de\/index.php\/ueber-alpakas\/","title":{"rendered":"\u00dcber Alpakas"},"content":{"rendered":"\t\t<div data-elementor-type=\"wp-page\" data-elementor-id=\"92\" class=\"elementor elementor-92\">\n\t\t\t\t\t\t<section class=\"has_eae_slider elementor-section elementor-top-section elementor-element elementor-element-e52562b elementor-section-full_width elementor-section-stretched elementor-section-height-default elementor-section-height-default\" data-eae-slider=\"97127\" data-id=\"e52562b\" data-element_type=\"section\" data-e-type=\"section\" data-settings=\"{&quot;animation&quot;:&quot;none&quot;,&quot;stretch_section&quot;:&quot;section-stretched&quot;}\">\n\t\t\t\t\t\t<div class=\"elementor-container elementor-column-gap-default\">\n\t\t\t\t\t<div class=\"has_eae_slider elementor-column elementor-col-50 elementor-top-column elementor-element elementor-element-e44ca44\" data-eae-slider=\"43101\" data-id=\"e44ca44\" data-element_type=\"column\" data-e-type=\"column\">\n\t\t\t<div class=\"elementor-widget-wrap elementor-element-populated\">\n\t\t\t\t\t\t<div class=\"elementor-element elementor-element-a1b156d elementor-widget elementor-widget-image\" data-id=\"a1b156d\" data-element_type=\"widget\" data-e-type=\"widget\" data-widget_type=\"image.default\">\n\t\t\t\t<div class=\"elementor-widget-container\">\n\t\t\t\t\t\t\t\t\t\t\t\t\t\t\t<img fetchpriority=\"high\" decoding=\"async\" width=\"768\" height=\"1024\" src=\"https:\/\/www.pits-alpakahof.de\/wp-content\/uploads\/2020\/09\/P8235064-768x1024.jpg\" class=\"attachment-large size-large wp-image-502\" alt=\"\" srcset=\"https:\/\/www.pits-alpakahof.de\/wp-content\/uploads\/2020\/09\/P8235064-768x1024.jpg 768w, https:\/\/www.pits-alpakahof.de\/wp-content\/uploads\/2020\/09\/P8235064-225x300.jpg 225w, https:\/\/www.pits-alpakahof.de\/wp-content\/uploads\/2020\/09\/P8235064-1152x1536.jpg 1152w, https:\/\/www.pits-alpakahof.de\/wp-content\/uploads\/2020\/09\/P8235064-1536x2048.jpg 1536w, https:\/\/www.pits-alpakahof.de\/wp-content\/uploads\/2020\/09\/P8235064-scaled.jpg 1920w\" sizes=\"(max-width: 768px) 100vw, 768px\" \/>\t\t\t\t\t\t\t\t\t\t\t\t\t\t\t<\/div>\n\t\t\t\t<\/div>\n\t\t\t\t<div class=\"elementor-element elementor-element-8b17784 elementor-widget elementor-widget-image\" data-id=\"8b17784\" data-element_type=\"widget\" data-e-type=\"widget\" data-widget_type=\"image.default\">\n\t\t\t\t<div class=\"elementor-widget-container\">\n\t\t\t\t\t\t\t\t\t\t\t\t\t\t\t<img decoding=\"async\" width=\"768\" height=\"1024\" src=\"https:\/\/www.pits-alpakahof.de\/wp-content\/uploads\/2020\/09\/P9046093-768x1024.jpg\" class=\"attachment-large size-large wp-image-503\" alt=\"\" srcset=\"https:\/\/www.pits-alpakahof.de\/wp-content\/uploads\/2020\/09\/P9046093-768x1024.jpg 768w, https:\/\/www.pits-alpakahof.de\/wp-content\/uploads\/2020\/09\/P9046093-225x300.jpg 225w, https:\/\/www.pits-alpakahof.de\/wp-content\/uploads\/2020\/09\/P9046093-1152x1536.jpg 1152w, https:\/\/www.pits-alpakahof.de\/wp-content\/uploads\/2020\/09\/P9046093-1536x2048.jpg 1536w, https:\/\/www.pits-alpakahof.de\/wp-content\/uploads\/2020\/09\/P9046093-scaled.jpg 1920w\" sizes=\"(max-width: 768px) 100vw, 768px\" \/>\t\t\t\t\t\t\t\t\t\t\t\t\t\t\t<\/div>\n\t\t\t\t<\/div>\n\t\t\t\t\t<\/div>\n\t\t<\/div>\n\t\t\t\t<div class=\"has_eae_slider elementor-column elementor-col-50 elementor-top-column elementor-element elementor-element-02f33a1\" data-eae-slider=\"6018\" data-id=\"02f33a1\" data-element_type=\"column\" data-e-type=\"column\">\n\t\t\t<div class=\"elementor-widget-wrap elementor-element-populated\">\n\t\t\t\t\t\t<div class=\"elementor-element elementor-element-5d601d3 elementor-widget elementor-widget-text-editor\" data-id=\"5d601d3\" data-element_type=\"widget\" data-e-type=\"widget\" data-widget_type=\"text-editor.default\">\n\t\t\t\t<div class=\"elementor-widget-container\">\n\t\t\t\t\t\t\t\t\t<p>Einige Infos \u00fcber Alpakas &#8211; Kameliden<\/p>\t\t\t\t\t\t\t\t<\/div>\n\t\t\t\t<\/div>\n\t\t\t\t<div class=\"elementor-element elementor-element-9a387b2 elementor-widget elementor-widget-accordion\" data-id=\"9a387b2\" data-element_type=\"widget\" data-e-type=\"widget\" data-widget_type=\"accordion.default\">\n\t\t\t\t<div class=\"elementor-widget-container\">\n\t\t\t\t\t\t\t<div class=\"elementor-accordion\">\n\t\t\t\t\t\t\t<div class=\"elementor-accordion-item\">\n\t\t\t\t\t<div id=\"elementor-tab-title-1611\" class=\"elementor-tab-title\" data-tab=\"1\" role=\"button\" aria-controls=\"elementor-tab-content-1611\" aria-expanded=\"false\">\n\t\t\t\t\t\t\t\t\t\t\t\t\t<span class=\"elementor-accordion-icon elementor-accordion-icon-left\" aria-hidden=\"true\">\n\t\t\t\t\t\t\t\t\t\t\t\t\t\t\t<span class=\"elementor-accordion-icon-closed\"><i class=\"fas fa-plus\"><\/i><\/span>\n\t\t\t\t\t\t\t\t<span class=\"elementor-accordion-icon-opened\"><i class=\"fas fa-minus\"><\/i><\/span>\n\t\t\t\t\t\t\t\t\t\t\t\t\t\t<\/span>\n\t\t\t\t\t\t\t\t\t\t\t\t<a class=\"elementor-accordion-title\" tabindex=\"0\">Alpakas vs. Lamas<\/a>\n\t\t\t\t\t<\/div>\n\t\t\t\t\t<div id=\"elementor-tab-content-1611\" class=\"elementor-tab-content elementor-clearfix\" data-tab=\"1\" role=\"region\" aria-labelledby=\"elementor-tab-title-1611\"><p><strong>Was ist der Unterschied zwischen Alpakas und Lamas?<\/strong><\/p><p>Alpakas und Lamas geh\u00f6ren beide zur Familie der Neuweltkameliden. Mit einem Stockma\u00df von 80-100 cm und einem Gewicht von 65-80 kg ist das Alpaka jedoch kleiner als das Lama. Es wird nicht wie das Lama als Lastentier verwendet, sondern in S\u00fcdamerika schon seit mehreren Jahrtausenden als Faserlieferant gez\u00fcchtet. Das wichtigste Erkennungsmerkmal des Alpakas ist daher sein langes, feines Vlies. Auch sein Kopf ist bewollt. <br \/>Au\u00dferdem ist die Alpakaschnauze etwas k\u00fcrzer als die des Lamas. <br \/>Die Ohren von Alpakas sind gerade, spitz zulaufend und k\u00fcrzer als die gebogenen &#8222;Bananenohren&#8220; der Lamas.<\/p><p><strong>Spucken Alpakas auch wie Lamas?<\/strong><\/p><p>In erster Linie untereinander, um ihren Rang in der Herde zu behaupten. <br \/>Auf Menschen spucken sie nur, wenn sie sich bedroht durch diese f\u00fchlen und andere Warnsignale wie z.B. das Anlegen der Ohren, keine Wirkung gezeigt haben. Dann holt das Alpaka halb verdauten Mageninhalt hoch und spuckt zielsicher in Richtung Kopf oder Hals seines Gegen\u00fcber. Also ist das Schlimmste, was einem passieren kann, dass man ein paar gr\u00fcnliche Flecken abkriegt. <br \/><br \/>Wenn man jedoch ruhig mit Alpakas umgeht, wird man weniger das Spucken der Tiere erfahren, sondern vielmehr, wie sanft und neugierig sie sind.<\/p><\/div>\n\t\t\t\t<\/div>\n\t\t\t\t\t\t\t<div class=\"elementor-accordion-item\">\n\t\t\t\t\t<div id=\"elementor-tab-title-1612\" class=\"elementor-tab-title\" data-tab=\"2\" role=\"button\" aria-controls=\"elementor-tab-content-1612\" aria-expanded=\"false\">\n\t\t\t\t\t\t\t\t\t\t\t\t\t<span class=\"elementor-accordion-icon elementor-accordion-icon-left\" aria-hidden=\"true\">\n\t\t\t\t\t\t\t\t\t\t\t\t\t\t\t<span class=\"elementor-accordion-icon-closed\"><i class=\"fas fa-plus\"><\/i><\/span>\n\t\t\t\t\t\t\t\t<span class=\"elementor-accordion-icon-opened\"><i class=\"fas fa-minus\"><\/i><\/span>\n\t\t\t\t\t\t\t\t\t\t\t\t\t\t<\/span>\n\t\t\t\t\t\t\t\t\t\t\t\t<a class=\"elementor-accordion-title\" tabindex=\"0\">Huacayas vs. Suris<\/a>\n\t\t\t\t\t<\/div>\n\t\t\t\t\t<div id=\"elementor-tab-content-1612\" class=\"elementor-tab-content elementor-clearfix\" data-tab=\"2\" role=\"region\" aria-labelledby=\"elementor-tab-title-1612\"><p><strong>Worin unterscheiden sich Huacaya- und Suri-Alpakas?<\/strong><\/p><p>Diese zwei Alpakatypen unterscheiden sich vor allem im Vlies. Das Huacaya-Alpaka hat ein f\u00fclliges Vlies und \u00e4hnelt wegen der Kr\u00e4uselung der Faser eher einem kuscheligen Teddy-B\u00e4r als das Suri-Alpaka, bei dem die sehr seidig aussehende Faser in l\u00e4ngeren Str\u00e4hnen am K\u00f6rper herabh\u00e4ngt. Die Faser scheitelt sich beim Suri \u00fcber dem R\u00fccken und hat einen sehr hohen Eigenglanz. Was ihren Charakter betrifft, sind Huacayas eher ruhiger als die meist temperamentvolleren Suris.<\/p><\/div>\n\t\t\t\t<\/div>\n\t\t\t\t\t\t\t<div class=\"elementor-accordion-item\">\n\t\t\t\t\t<div id=\"elementor-tab-title-1613\" class=\"elementor-tab-title\" data-tab=\"3\" role=\"button\" aria-controls=\"elementor-tab-content-1613\" aria-expanded=\"false\">\n\t\t\t\t\t\t\t\t\t\t\t\t\t<span class=\"elementor-accordion-icon elementor-accordion-icon-left\" aria-hidden=\"true\">\n\t\t\t\t\t\t\t\t\t\t\t\t\t\t\t<span class=\"elementor-accordion-icon-closed\"><i class=\"fas fa-plus\"><\/i><\/span>\n\t\t\t\t\t\t\t\t<span class=\"elementor-accordion-icon-opened\"><i class=\"fas fa-minus\"><\/i><\/span>\n\t\t\t\t\t\t\t\t\t\t\t\t\t\t<\/span>\n\t\t\t\t\t\t\t\t\t\t\t\t<a class=\"elementor-accordion-title\" tabindex=\"0\">Lebensraum<\/a>\n\t\t\t\t\t<\/div>\n\t\t\t\t\t<div id=\"elementor-tab-content-1613\" class=\"elementor-tab-content elementor-clearfix\" data-tab=\"3\" role=\"region\" aria-labelledby=\"elementor-tab-title-1613\"><p><strong>F\u00fchlen sich Alpakas bei uns wohl?<\/strong><\/p><p>Alpakas stammen aus S\u00fcdamerika. Im Gebirgszug der Anden leben sie auf 4000-6000 Meter H\u00f6he und sind tags\u00fcber der Sonne und nachts Temperaturen bis minus 30 Grad ausgesetzt. Daher ist es den Tieren bei uns bestimmt nicht zu kalt und sie k\u00f6nnen ganzj\u00e4hrig im Freien gehalten werden. Ein offener Unterstand gen\u00fcgt ihnen. An hei\u00dfen Sommertagen suchen die Tiere h\u00e4ufig nach einem Schattenplatz. Wichtig ist, dass die Tiere gen\u00fcgend Auslauf haben und niemals einzeln gehalten werden, denn Alpakas sind Herdentiere. Sie kommunizieren untereinander z.B. \u00fcber ihre K\u00f6rperhaltung, Schwanz- und Ohrenbewegungen sowie verschiedene Laute, die aber fast immer sehr leise sind. So st\u00f6rt z.B. das leise Summen von Muttertieren mit sehr jungen Babys sicherlich keinen Nachbarn.<\/p><\/div>\n\t\t\t\t<\/div>\n\t\t\t\t\t\t\t<div class=\"elementor-accordion-item\">\n\t\t\t\t\t<div id=\"elementor-tab-title-1614\" class=\"elementor-tab-title\" data-tab=\"4\" role=\"button\" aria-controls=\"elementor-tab-content-1614\" aria-expanded=\"false\">\n\t\t\t\t\t\t\t\t\t\t\t\t\t<span class=\"elementor-accordion-icon elementor-accordion-icon-left\" aria-hidden=\"true\">\n\t\t\t\t\t\t\t\t\t\t\t\t\t\t\t<span class=\"elementor-accordion-icon-closed\"><i class=\"fas fa-plus\"><\/i><\/span>\n\t\t\t\t\t\t\t\t<span class=\"elementor-accordion-icon-opened\"><i class=\"fas fa-minus\"><\/i><\/span>\n\t\t\t\t\t\t\t\t\t\t\t\t\t\t<\/span>\n\t\t\t\t\t\t\t\t\t\t\t\t<a class=\"elementor-accordion-title\" tabindex=\"0\">Decken<\/a>\n\t\t\t\t\t<\/div>\n\t\t\t\t\t<div id=\"elementor-tab-content-1614\" class=\"elementor-tab-content elementor-clearfix\" data-tab=\"4\" role=\"region\" aria-labelledby=\"elementor-tab-title-1614\"><p><strong>Wie oft deckt man eine Alpakastute?<\/strong><\/p><p>Eine Alpakastute kann jedes Jahr ein Junges zur Welt bringen. Zwillinge sind sehr selten. Eine Stute kann bereits mit eineinhalb bis zwei Jahren zum ersten Mal gedeckt werden (Hengste sind erst mit ca. 2\u00bd Jahren geschlechtsreif). Die Tragzeit betr\u00e4gt 11\u00bd \u00a0Monate. Zwei bis drei Wochen nach der Geburt kann die Stute wieder gedeckt werden. Sie ist dann auch jederzeit aufnahmef\u00e4hig, da ihr Eisprung erst durch die \u201eBalzlaute\u201c des Hengstes ausgel\u00f6st wird. Ob eine Stute tr\u00e4gt, l\u00e4sst sich einfach herausfinden, wenn man den Hengst nach 14 Tagen erneut mit der Stute zusammenbringt. Tr\u00e4gt sie, wird sie den treibenden Hengst durch Spucken abweisen. Ist sie aufnahmebereit, so legt sie sich auf den Boden.<\/p><\/div>\n\t\t\t\t<\/div>\n\t\t\t\t\t\t\t<div class=\"elementor-accordion-item\">\n\t\t\t\t\t<div id=\"elementor-tab-title-1615\" class=\"elementor-tab-title\" data-tab=\"5\" role=\"button\" aria-controls=\"elementor-tab-content-1615\" aria-expanded=\"false\">\n\t\t\t\t\t\t\t\t\t\t\t\t\t<span class=\"elementor-accordion-icon elementor-accordion-icon-left\" aria-hidden=\"true\">\n\t\t\t\t\t\t\t\t\t\t\t\t\t\t\t<span class=\"elementor-accordion-icon-closed\"><i class=\"fas fa-plus\"><\/i><\/span>\n\t\t\t\t\t\t\t\t<span class=\"elementor-accordion-icon-opened\"><i class=\"fas fa-minus\"><\/i><\/span>\n\t\t\t\t\t\t\t\t\t\t\t\t\t\t<\/span>\n\t\t\t\t\t\t\t\t\t\t\t\t<a class=\"elementor-accordion-title\" tabindex=\"0\">K\u00f6rperpflege<\/a>\n\t\t\t\t\t<\/div>\n\t\t\t\t\t<div id=\"elementor-tab-content-1615\" class=\"elementor-tab-content elementor-clearfix\" data-tab=\"5\" role=\"region\" aria-labelledby=\"elementor-tab-title-1615\"><p><strong>Welche K\u00f6rperpflege brauchen Alpakas?<\/strong><\/p><p>Die K\u00f6rperpflege der Tiere bereitet Alpakahaltern keinen gro\u00dfen Zeitaufwand. Es gibt einen wichtigen Termin im Fr\u00fchjahr, wenn die Alpakas geschoren werden. Ansonsten wird das Alpakavlies nicht gek\u00e4mmt und auf keine andere Art und Weise ges\u00e4ubert. Dabei w\u00fcrde man die feine Alpakafaser nur besch\u00e4digen. Wenn die j\u00e4hrliche Alpakaschur ansteht, hei\u00dft das, dass man vor der Sommerhitze die Faser von ca. 15cm auf 5mm k\u00fcrzt. Lediglich auf dem Kopf (\u201eTop\u201c genannt) und am Schwanz l\u00e4sst man die Faser l\u00e4nger stehen. So kann auch beim geschorenen Tier die Faserqualit\u00e4t beurteilt werden.<\/p><p>Ansonsten muss man den Schwielensohlern alle paar Monate \u201edie Zehenn\u00e4gel schneiden\u201c. Dazu zwickt man ihnen einfach mit einer Rosenschere die Spitzen ab. Gelegentlich muss man ihnen vielleicht am Top noch die Haare, die in die Augen h\u00e4ngen, k\u00fcrzen, so dass ihre Sicht nicht eingeschr\u00e4nkt ist. <br \/>Bei einzelnen Tieren kann eine Zahnkorrektur n\u00f6tig sein. <br \/>Au\u00dferdem werden die Tiere regelm\u00e4\u00dfig entwurmt und geimpft.<\/p><p>Auch wenn die K\u00f6rperpflege der Tiere Alpakahaltern keinen gro\u00dfen Zeitaufwand bereitet, ist es unerl\u00e4sslich, die Tiere m\u00f6glichst t\u00e4glich zu beobachten, um sicher zu gehen, dass es ihnen gut geht.\u00a0<\/p><\/div>\n\t\t\t\t<\/div>\n\t\t\t\t\t\t\t<div class=\"elementor-accordion-item\">\n\t\t\t\t\t<div id=\"elementor-tab-title-1616\" class=\"elementor-tab-title\" data-tab=\"6\" role=\"button\" aria-controls=\"elementor-tab-content-1616\" aria-expanded=\"false\">\n\t\t\t\t\t\t\t\t\t\t\t\t\t<span class=\"elementor-accordion-icon elementor-accordion-icon-left\" aria-hidden=\"true\">\n\t\t\t\t\t\t\t\t\t\t\t\t\t\t\t<span class=\"elementor-accordion-icon-closed\"><i class=\"fas fa-plus\"><\/i><\/span>\n\t\t\t\t\t\t\t\t<span class=\"elementor-accordion-icon-opened\"><i class=\"fas fa-minus\"><\/i><\/span>\n\t\t\t\t\t\t\t\t\t\t\t\t\t\t<\/span>\n\t\t\t\t\t\t\t\t\t\t\t\t<a class=\"elementor-accordion-title\" tabindex=\"0\">Ern\u00e4hrung<\/a>\n\t\t\t\t\t<\/div>\n\t\t\t\t\t<div id=\"elementor-tab-content-1616\" class=\"elementor-tab-content elementor-clearfix\" data-tab=\"6\" role=\"region\" aria-labelledby=\"elementor-tab-title-1616\"><p><strong>Wovon ern\u00e4hren sich Alpakas?<\/strong><\/p><p>Wie alle Kamele sind auch Alpakas Wiederk\u00e4uer. Sie sind sehr gen\u00fcgsame Tiere und ern\u00e4hren sich von Gras und Heu. Nat\u00fcrlich brauchen sie auch ausreichend Frischwasser. Ansonsten braucht man lediglich einen Mineral-Leckstein f\u00fcr sie. Zus\u00e4tzlich geben wir tragenden Tieren oder Tieren, die noch im Wachstum sind, zur Kr\u00e4ftigung etwas Alpakam\u00fcsli, dem wir noch Luzerne zusetzen. Als besonderes Leckerli freuen sich dar\u00fcber nat\u00fcrlich auch alle anderen Tiere.<\/p><\/div>\n\t\t\t\t<\/div>\n\t\t\t\t\t\t\t\t<\/div>\n\t\t\t\t\t\t<\/div>\n\t\t\t\t<\/div>\n\t\t\t\t\t<\/div>\n\t\t<\/div>\n\t\t\t\t\t<\/div>\n\t\t<\/section>\n\t\t\t\t<section class=\"has_eae_slider elementor-section elementor-top-section elementor-element elementor-element-7bb45ec0 elementor-section-stretched elementor-section-boxed elementor-section-height-default elementor-section-height-default\" data-eae-slider=\"79289\" data-id=\"7bb45ec0\" data-element_type=\"section\" data-e-type=\"section\" data-settings=\"{&quot;background_background&quot;:&quot;classic&quot;,&quot;stretch_section&quot;:&quot;section-stretched&quot;}\">\n\t\t\t\t\t\t<div class=\"elementor-container elementor-column-gap-default\">\n\t\t\t\t\t<div class=\"has_eae_slider elementor-column elementor-col-100 elementor-top-column elementor-element elementor-element-21277f0f\" data-eae-slider=\"71317\" data-id=\"21277f0f\" data-element_type=\"column\" data-e-type=\"column\">\n\t\t\t<div class=\"elementor-widget-wrap elementor-element-populated\">\n\t\t\t\t\t\t<div class=\"elementor-element elementor-element-9d13f21 elementor-widget elementor-widget-heading\" data-id=\"9d13f21\" data-element_type=\"widget\" data-e-type=\"widget\" data-widget_type=\"heading.default\">\n\t\t\t\t<div class=\"elementor-widget-container\">\n\t\t\t\t\t<h2 class=\"elementor-heading-title elementor-size-default\">Interessante Fakten \u00fcber Alpakas<\/h2>\t\t\t\t<\/div>\n\t\t\t\t<\/div>\n\t\t\t\t<div class=\"elementor-element elementor-element-42b99bd elementor-arrows-position-outside elementor-pagination-position-outside elementor-widget elementor-widget-image-carousel\" data-id=\"42b99bd\" data-element_type=\"widget\" data-e-type=\"widget\" data-settings=\"{&quot;slides_to_show&quot;:&quot;3&quot;,&quot;navigation&quot;:&quot;both&quot;,&quot;autoplay&quot;:&quot;yes&quot;,&quot;pause_on_hover&quot;:&quot;yes&quot;,&quot;pause_on_interaction&quot;:&quot;yes&quot;,&quot;autoplay_speed&quot;:5000,&quot;infinite&quot;:&quot;yes&quot;,&quot;speed&quot;:500}\" data-widget_type=\"image-carousel.default\">\n\t\t\t\t<div class=\"elementor-widget-container\">\n\t\t\t\t\t\t\t<div class=\"elementor-image-carousel-wrapper swiper\" role=\"region\" aria-roledescription=\"carousel\" aria-label=\"Bild Karussell\" dir=\"ltr\">\n\t\t\t<div class=\"elementor-image-carousel swiper-wrapper\" aria-live=\"off\">\n\t\t\t\t\t\t\t\t<div class=\"swiper-slide\" role=\"group\" aria-roledescription=\"slide\" aria-label=\"1 von 9\"><figure class=\"swiper-slide-inner\"><img decoding=\"async\" class=\"swiper-slide-image\" src=\"https:\/\/www.pits-alpakahof.de\/wp-content\/uploads\/2020\/09\/schwanger.jpg\" alt=\"schwanger\" \/><\/figure><\/div><div class=\"swiper-slide\" role=\"group\" aria-roledescription=\"slide\" aria-label=\"2 von 9\"><figure class=\"swiper-slide-inner\"><img decoding=\"async\" class=\"swiper-slide-image\" src=\"https:\/\/www.pits-alpakahof.de\/wp-content\/uploads\/2020\/09\/farben.jpg\" alt=\"farben\" \/><\/figure><\/div><div class=\"swiper-slide\" role=\"group\" aria-roledescription=\"slide\" aria-label=\"3 von 9\"><figure class=\"swiper-slide-inner\"><img decoding=\"async\" class=\"swiper-slide-image\" src=\"https:\/\/www.pits-alpakahof.de\/wp-content\/uploads\/2020\/09\/herdentiere.jpg\" alt=\"herdentiere\" \/><\/figure><\/div><div class=\"swiper-slide\" role=\"group\" aria-roledescription=\"slide\" aria-label=\"4 von 9\"><figure class=\"swiper-slide-inner\"><img decoding=\"async\" class=\"swiper-slide-image\" src=\"https:\/\/www.pits-alpakahof.de\/wp-content\/uploads\/2020\/09\/trittsicher.jpg\" alt=\"trittsicher\" \/><\/figure><\/div><div class=\"swiper-slide\" role=\"group\" aria-roledescription=\"slide\" aria-label=\"5 von 9\"><figure class=\"swiper-slide-inner\"><img decoding=\"async\" class=\"swiper-slide-image\" src=\"https:\/\/www.pits-alpakahof.de\/wp-content\/uploads\/2020\/09\/kameliden.jpg\" alt=\"kameliden\" \/><\/figure><\/div><div class=\"swiper-slide\" role=\"group\" aria-roledescription=\"slide\" aria-label=\"6 von 9\"><figure class=\"swiper-slide-inner\"><img decoding=\"async\" class=\"swiper-slide-image\" src=\"https:\/\/www.pits-alpakahof.de\/wp-content\/uploads\/2020\/09\/magen.jpg\" alt=\"magen\" \/><\/figure><\/div><div class=\"swiper-slide\" role=\"group\" aria-roledescription=\"slide\" aria-label=\"7 von 9\"><figure class=\"swiper-slide-inner\"><img decoding=\"async\" class=\"swiper-slide-image\" src=\"https:\/\/www.pits-alpakahof.de\/wp-content\/uploads\/2020\/09\/summen.jpg\" alt=\"summen\" \/><\/figure><\/div><div class=\"swiper-slide\" role=\"group\" aria-roledescription=\"slide\" aria-label=\"8 von 9\"><figure class=\"swiper-slide-inner\"><img decoding=\"async\" class=\"swiper-slide-image\" src=\"https:\/\/www.pits-alpakahof.de\/wp-content\/uploads\/2020\/10\/wolle.jpg\" alt=\"wolle\" \/><\/figure><\/div><div class=\"swiper-slide\" role=\"group\" aria-roledescription=\"slide\" aria-label=\"9 von 9\"><figure class=\"swiper-slide-inner\"><img decoding=\"async\" class=\"swiper-slide-image\" src=\"https:\/\/www.pits-alpakahof.de\/wp-content\/uploads\/2020\/10\/kuscheltier1.jpg\" alt=\"kuscheltier1\" \/><\/figure><\/div>\t\t\t<\/div>\n\t\t\t\t\t\t\t\t\t\t\t\t<div class=\"elementor-swiper-button elementor-swiper-button-prev\" role=\"button\" tabindex=\"0\">\n\t\t\t\t\t\t<i aria-hidden=\"true\" class=\"eicon-chevron-left\"><\/i>\t\t\t\t\t<\/div>\n\t\t\t\t\t<div class=\"elementor-swiper-button elementor-swiper-button-next\" role=\"button\" tabindex=\"0\">\n\t\t\t\t\t\t<i aria-hidden=\"true\" class=\"eicon-chevron-right\"><\/i>\t\t\t\t\t<\/div>\n\t\t\t\t\n\t\t\t\t\t\t\t\t\t<div class=\"swiper-pagination\"><\/div>\n\t\t\t\t\t\t\t\t\t<\/div>\n\t\t\t\t\t\t<\/div>\n\t\t\t\t<\/div>\n\t\t\t\t\t<\/div>\n\t\t<\/div>\n\t\t\t\t\t<\/div>\n\t\t<\/section>\n\t\t\t\t<\/div>\n\t\t","protected":false},"excerpt":{"rendered":"<p>Einige Infos \u00fcber Alpakas &#8211; Kameliden Alpakas vs. Lamas Was ist der Unterschied zwischen Alpakas und Lamas? Alpakas und Lamas geh\u00f6ren beide zur Familie der Neuweltkameliden. Mit einem Stockma\u00df von 80-100 cm und einem Gewicht von 65-80 kg ist das Alpaka jedoch kleiner als das Lama. Es wird nicht wie das Lama als Lastentier verwendet,&hellip;&nbsp;<a href=\"https:\/\/www.pits-alpakahof.de\/index.php\/ueber-alpakas\/\" rel=\"bookmark\">Weiterlesen &raquo;<span class=\"screen-reader-text\">\u00dcber Alpakas<\/span><\/a><\/p>\n","protected":false},"author":2,"featured_media":0,"parent":0,"menu_order":0,"comment_status":"closed","ping_status":"closed","template":"","meta":{"neve_meta_sidebar":"full-width","neve_meta_container":"","neve_meta_enable_content_width":"on","neve_meta_content_width":100,"neve_meta_title_alignment":"","neve_meta_author_avatar":"","neve_post_elements_order":"","neve_meta_disable_header":"","neve_meta_disable_footer":"","neve_meta_disable_title":"","footnotes":""},"class_list":["post-92","page","type-page","status-publish","hentry"],"_links":{"self":[{"href":"https:\/\/www.pits-alpakahof.de\/index.php\/wp-json\/wp\/v2\/pages\/92","targetHints":{"allow":["GET"]}}],"collection":[{"href":"https:\/\/www.pits-alpakahof.de\/index.php\/wp-json\/wp\/v2\/pages"}],"about":[{"href":"https:\/\/www.pits-alpakahof.de\/index.php\/wp-json\/wp\/v2\/types\/page"}],"author":[{"embeddable":true,"href":"https:\/\/www.pits-alpakahof.de\/index.php\/wp-json\/wp\/v2\/users\/2"}],"replies":[{"embeddable":true,"href":"https:\/\/www.pits-alpakahof.de\/index.php\/wp-json\/wp\/v2\/comments?post=92"}],"version-history":[{"count":40,"href":"https:\/\/www.pits-alpakahof.de\/index.php\/wp-json\/wp\/v2\/pages\/92\/revisions"}],"predecessor-version":[{"id":596,"href":"https:\/\/www.pits-alpakahof.de\/index.php\/wp-json\/wp\/v2\/pages\/92\/revisions\/596"}],"wp:attachment":[{"href":"https:\/\/www.pits-alpakahof.de\/index.php\/wp-json\/wp\/v2\/media?parent=92"}],"curies":[{"name":"wp","href":"https:\/\/api.w.org\/{rel}","templated":true}]}}